{"id":21,"date":"2021-07-13T04:38:03","date_gmt":"2021-07-13T04:38:03","guid":{"rendered":"https:\/\/total.wpexplorer.com\/synergy\/?page_id=21"},"modified":"2024-08-05T15:49:39","modified_gmt":"2024-08-05T15:49:39","slug":"solutions","status":"publish","type":"page","link":"https:\/\/www.illus.cl\/index.php\/solutions\/","title":{"rendered":"Solutions"},"content":{"rendered":"<div class=\"wpb-content-wrapper\">[vc_row remove_bottom_col_margin=\u00bbtrue\u00bb][vc_column]<div class=\"wpex-template-shortcode\">[vc_row remove_bottom_col_margin=\u00bbtrue\u00bb][vc_column]<style> style=\"height:clamp(60px, 7vmax, 120px);\"<\/style><div class=\"vcex-spacing wpex-w-100 wpex-clear\" style=\"height:clamp(60px, 7vmax, 120px);\"><\/div>[\/vc_column][\/vc_row]\n<\/div>[\/vc_column][\/vc_row][vc_row][vc_column]<style>.vcex-heading.vcex_69dff7175240b{font-size:clamp(34px, 4vmax, 60px);}<\/style><h1 class=\"vcex-heading vcex-heading-plain vcex-module wpex-heading wpex-text-2xl wpex-text-center vcex_69dff7175240b\"><span class=\"vcex-heading-inner wpex-inline-block\">Metodolog\u00eda<\/span><\/h1><style> style=\"height:5vmax;\"<\/style><div class=\"vcex-spacing wpex-w-100 wpex-clear\" style=\"height:5vmax;\"><\/div><div class=\"vcex-grid-container vcex-module wpex-grid wpex-gap-20 wpex-mx-auto wpex-grid-cols-3 wpex-sm-grid-cols-2\" style=\"gap:clamp(30px, 5vmax, 50px);max-width:1050px;\"><div class=\"vcex-module vcex-icon-box vcex-icon-box-one wpex-flex wpex-text-left\"><div class=\"vcex-icon-box-symbol wpex-flex-shrink-0 wpex-mr-20\"><div class=\"vcex-icon-box-icon wpex-inline-flex wpex-items-center wpex-justify-center wpex-child-inherit-color wpex-text-center wpex-leading-none wpex-text-1\" style=\"color:var(--wpex-accent);font-size:30px;\"><span class=\"ticon ticon-circle-o\" aria-hidden=\"true\"><\/span><\/div><\/div><div class=\"vcex-icon-box-text wpex-flex-grow\"><h2 class=\"vcex-icon-box-heading wpex-heading\" style=\"color:#000000;--wpex-hover-heading-link-color:#000000;font-size:var(--wpex-text-2xl);margin-bottom:20px;\">01. Detecci\u00f3n de necesidades de formaci\u00f3n<\/h2><div class=\"vcex-icon-box-content wpex-last-mb-0 wpex-clr\" style=\"color:#000000;\"><p><span style=\"font-weight: 300\">Recopilamos y analizamos informaci\u00f3n relevante mediante entrevistas, encuestas y revisi\u00f3n de desempe\u00f1os anteriores para identificar falencias y detectar necesidades de formaci\u00f3n.<\/span><\/p>\n<\/div><\/div><\/div><div class=\"vcex-module vcex-icon-box vcex-icon-box-one wpex-flex wpex-text-left\"><div class=\"vcex-icon-box-symbol wpex-flex-shrink-0 wpex-mr-20\"><div class=\"vcex-icon-box-icon wpex-inline-flex wpex-items-center wpex-justify-center wpex-child-inherit-color wpex-text-center wpex-leading-none wpex-text-1\" style=\"color:var(--wpex-accent);font-size:30px;\"><span class=\"ticon ticon-circle-o\" aria-hidden=\"true\"><\/span><\/div><\/div><div class=\"vcex-icon-box-text wpex-flex-grow\"><h2 class=\"vcex-icon-box-heading wpex-heading\" style=\"color:#000000;--wpex-hover-heading-link-color:#000000;font-size:var(--wpex-text-2xl);margin-bottom:20px;\">02. An\u00e1lisis de la informaci\u00f3n recolectada<\/h2><div class=\"vcex-icon-box-content wpex-last-mb-0 wpex-clr\"><p><span style=\"font-weight: 300\">Procesamos los datos recolectados para extraer conceptos clave que guiar\u00e1n el desarrollo del contenido y estrategias de capacitaci\u00f3n, alineados con los objetivos del programa.<\/span><\/p>\n<\/div><\/div><\/div><div class=\"vcex-module vcex-icon-box vcex-icon-box-one wpex-flex wpex-text-left\"><div class=\"vcex-icon-box-symbol wpex-flex-shrink-0 wpex-mr-20\"><div class=\"vcex-icon-box-icon wpex-inline-flex wpex-items-center wpex-justify-center wpex-child-inherit-color wpex-text-center wpex-leading-none wpex-text-1\" style=\"color:var(--wpex-accent);font-size:30px;\"><span class=\"ticon ticon-circle-o\" aria-hidden=\"true\"><\/span><\/div><\/div><div class=\"vcex-icon-box-text wpex-flex-grow\"><h2 class=\"vcex-icon-box-heading wpex-heading\" style=\"color:#000000;--wpex-hover-heading-link-color:#000000;font-size:var(--wpex-text-2xl);margin-bottom:20px;\">03. Generaci\u00f3n del Modelo de Instrucci\u00f3n<\/h2><div class=\"vcex-icon-box-content wpex-last-mb-0 wpex-clr\"><p><span style=\"font-weight: 300\">Elaboramos un esquema educativo basado en principios did\u00e1cticos avanzados y t\u00e9cnicas innovadoras como el aprendizaje adulto, la gamificaci\u00f3n y realidades inmersivas.<\/span><\/p>\n<\/div><\/div><\/div><div class=\"vcex-module vcex-icon-box vcex-icon-box-one wpex-flex wpex-text-left\"><div class=\"vcex-icon-box-symbol wpex-flex-shrink-0 wpex-mr-20\"><div class=\"vcex-icon-box-icon wpex-inline-flex wpex-items-center wpex-justify-center wpex-child-inherit-color wpex-text-center wpex-leading-none wpex-text-1\" style=\"color:var(--wpex-accent);font-size:30px;\"><span class=\"ticon ticon-circle-o\" aria-hidden=\"true\"><\/span><\/div><\/div><div class=\"vcex-icon-box-text wpex-flex-grow\"><h2 class=\"vcex-icon-box-heading wpex-heading\" style=\"color:#000000;--wpex-hover-heading-link-color:#000000;font-size:var(--wpex-text-2xl);margin-bottom:20px;\">04. Dise\u00f1o y Generaci\u00f3n de Recursos Educativos Digitales<\/h2><div class=\"vcex-icon-box-content wpex-last-mb-0 wpex-clr\"><p><span style=\"font-weight: 300\">Creamos m\u00f3dulos e-learning, videos y simulaciones interactivas e inmersivas, basados en el modelo instruccional. Estos recursos captan la atenci\u00f3n, facilitan la retenci\u00f3n y promueven la interacci\u00f3n efectiva.<\/span><\/p>\n<\/div><\/div><\/div><div class=\"vcex-module vcex-icon-box vcex-icon-box-one wpex-flex wpex-text-left\"><div class=\"vcex-icon-box-symbol wpex-flex-shrink-0 wpex-mr-20\"><div class=\"vcex-icon-box-icon wpex-inline-flex wpex-items-center wpex-justify-center wpex-child-inherit-color wpex-text-center wpex-leading-none wpex-text-1\" style=\"color:var(--wpex-accent);font-size:30px;\"><span class=\"ticon ticon-circle-o\" aria-hidden=\"true\"><\/span><\/div><\/div><div class=\"vcex-icon-box-text wpex-flex-grow\"><h2 class=\"vcex-icon-box-heading wpex-heading\" style=\"color:#000000;--wpex-hover-heading-link-color:#000000;font-size:var(--wpex-text-2xl);margin-bottom:20px;\">05. Aplicaci\u00f3n del Plan de Capacitaci\u00f3n y sus Campa\u00f1as<\/h2><div class=\"vcex-icon-box-content wpex-last-mb-0 wpex-clr\"><p><span style=\"font-weight: 300\">Implementamos el plan de capacitaci\u00f3n y lanzamos sus campa\u00f1as, asegurando seguimiento y evaluaci\u00f3n constantes. Utilizamos indicadores espec\u00edficos y feedback de los participantes para medir la efectividad del programa.<\/span><\/p>\n<p><span style=\"font-weight: 300\">\u00a0<\/span><\/p>\n<\/div><\/div><\/div><div class=\"vcex-module vcex-icon-box vcex-icon-box-one wpex-flex wpex-text-left\"><div class=\"vcex-icon-box-symbol wpex-flex-shrink-0 wpex-mr-20\"><div class=\"vcex-icon-box-icon wpex-inline-flex wpex-items-center wpex-justify-center wpex-child-inherit-color wpex-text-center wpex-leading-none wpex-text-1\" style=\"color:var(--wpex-accent);font-size:30px;\"><span class=\"ticon ticon-circle-o\" aria-hidden=\"true\"><\/span><\/div><\/div><div class=\"vcex-icon-box-text wpex-flex-grow\"><h2 class=\"vcex-icon-box-heading wpex-heading\" style=\"color:#000000;--wpex-hover-heading-link-color:#000000;font-size:var(--wpex-text-2xl);margin-bottom:20px;\">06. Evaluaci\u00f3n y Mejora Continua<\/h2><div class=\"vcex-icon-box-content wpex-last-mb-0 wpex-clr\"><p><span style=\"font-weight: 300\">Recopilamos y analizamos los resultados de las evaluaciones y el feedback de los participantes para identificar mejoras. Esta retroalimentaci\u00f3n constante permite ajustar y perfeccionar cursos, garantizando su efectividad a largo plazo.<\/span><\/p>\n<p><span style=\"font-weight: 300\">\u00a0<\/span><\/p>\n<\/div><\/div><\/div><\/div>[\/vc_column][\/vc_row][vc_row remove_bottom_col_margin=\u00bbtrue\u00bb][vc_column]<div class=\"wpex-template-shortcode\">[vc_row remove_bottom_col_margin=\u00bbtrue\u00bb][vc_column]<style> style=\"height:clamp(60px, 7vmax, 120px);\"<\/style><div class=\"vcex-spacing wpex-w-100 wpex-clear\" style=\"height:clamp(60px, 7vmax, 120px);\"><\/div>[\/vc_column][\/vc_row]\n<\/div>[\/vc_column][\/vc_row][vc_row][vc_column][vc_column_text font_weight=\u00bb500&#8243; font_size=\u00bbclamp(30px, 4vmax, 50px)\u00bb line_height=\u00bbnormal\u00bb text_align=\u00bbcenter\u00bb el_class=\u00bbtl-services-cta\u00bb]\u00bfQu\u00e9 est\u00e1s esperando?<br> <a href=\"https:\/\/illus.digital\/index.php\/contact\/\">Cont\u00e1ctanos<\/a>[\/vc_column_text][\/vc_column][\/vc_row]\n<\/div>","protected":false},"excerpt":{"rendered":"<p>[vc_row remove_bottom_col_margin=\u00bbtrue\u00bb][vc_column][\/vc_column][\/vc_row][vc_row][vc_column][\/vc_column][\/vc_row][vc_row remove_bottom_col_margin=\u00bbtrue\u00bb][vc_column][\/vc_column][\/vc_row][vc_row][vc_column][vc_column_text font_weight=\u00bb500&#8243; font_size=\u00bbclamp(30px, 4vmax, 50px)\u00bb line_height=\u00bbnormal\u00bb text_align=\u00bbcenter\u00bb el_class=\u00bbtl-services-cta\u00bb]\u00bfQu\u00e9 est\u00e1s esperando? Cont\u00e1ctanos[\/vc_column_text][\/vc_column][\/vc_row]<\/p>\n","protected":false},"author":1,"featured_media":0,"parent":0,"menu_order":0,"comment_status":"closed","ping_status":"closed","template":"","meta":{"footnotes":""},"class_list":["post-21","page","type-page","status-publish","hentry","entry","no-media"],"_links":{"self":[{"href":"https:\/\/www.illus.cl\/index.php\/wp-json\/wp\/v2\/pages\/21","targetHints":{"allow":["GET"]}}],"collection":[{"href":"https:\/\/www.illus.cl\/index.php\/wp-json\/wp\/v2\/pages"}],"about":[{"href":"https:\/\/www.illus.cl\/index.php\/wp-json\/wp\/v2\/types\/page"}],"author":[{"embeddable":true,"href":"https:\/\/www.illus.cl\/index.php\/wp-json\/wp\/v2\/users\/1"}],"replies":[{"embeddable":true,"href":"https:\/\/www.illus.cl\/index.php\/wp-json\/wp\/v2\/comments?post=21"}],"version-history":[{"count":6,"href":"https:\/\/www.illus.cl\/index.php\/wp-json\/wp\/v2\/pages\/21\/revisions"}],"predecessor-version":[{"id":489,"href":"https:\/\/www.illus.cl\/index.php\/wp-json\/wp\/v2\/pages\/21\/revisions\/489"}],"wp:attachment":[{"href":"https:\/\/www.illus.cl\/index.php\/wp-json\/wp\/v2\/media?parent=21"}],"curies":[{"name":"wp","href":"https:\/\/api.w.org\/{rel}","templated":true}]}}